{"id":3968,"date":"2023-01-19T12:27:34","date_gmt":"2023-01-19T12:27:34","guid":{"rendered":"http:\/\/172.26.0.178\/orthoapnea\/datenschutzbestimmungen\/"},"modified":"2024-04-02T11:08:20","modified_gmt":"2024-04-02T11:08:20","slug":"datenschutzbestimmungen","status":"publish","type":"page","link":"https:\/\/www.orthoapnea.com\/de\/datenschutzbestimmungen\/","title":{"rendered":"Datenschutzbestimmungen"},"content":{"rendered":"\t\t<div data-elementor-type=\"wp-page\" data-elementor-id=\"3968\" class=\"elementor elementor-3968 elementor-3\" data-elementor-post-type=\"page\">\n\t\t\t\t\t\t<section class=\"elementor-section elementor-top-section elementor-element elementor-element-483ee8e6 elementor-section-boxed elementor-section-height-default elementor-section-height-default\" data-id=\"483ee8e6\" data-element_type=\"section\" data-e-type=\"section\">\n\t\t\t\t\t\t<div class=\"elementor-container elementor-column-gap-default\">\n\t\t\t\t\t<div class=\"elementor-column elementor-col-100 elementor-top-column elementor-element elementor-element-18eb15a3\" data-id=\"18eb15a3\" data-element_type=\"column\" data-e-type=\"column\">\n\t\t\t<div class=\"elementor-widget-wrap elementor-element-populated\">\n\t\t\t\t\t\t<div class=\"elementor-element elementor-element-324b60c6 elementor-widget elementor-widget-text-editor\" data-id=\"324b60c6\" data-element_type=\"widget\" data-e-type=\"widget\" data-widget_type=\"text-editor.default\">\n\t\t\t\t<div class=\"elementor-widget-container\">\n\t\t\t\t\t\t\t\t\t<p><\/p>\n<div class=\"fusion-fullwidth fullwidth-box fusion-builder-row-2 fusion-flex-container nonhundred-percent-fullwidth non-hundred-percent-height-scrolling\">\n<div class=\"fusion-builder-row fusion-row fusion-flex-align-items-flex-start\">\n<div class=\"fusion-layout-column fusion_builder_column fusion-builder-column-1 fusion_builder_column_1_1 1_1 fusion-flex-column\">\n<div class=\"fusion-column-wrapper fusion-flex-justify-content-flex-start fusion-content-layout-column\">\n<div class=\"fusion-title title fusion-title-2 fusion-title-text fusion-title-size-five\">\n<h5 class=\"title-heading-left fusion-responsive-typography-calculated\" data-fontsize=\"20\" data-lineheight=\"30px\">ALLGEMEINE NUTZUNGSBEDINGUNGEN<\/h5>\n<div class=\"title-sep-container title-sep-container-right\">\n<div class=\"title-sep sep-\"> <\/div>\n<\/div>\n<\/div>\n<div class=\"fusion-text fusion-text-1\">\n<p>ORTHOAPNEA S.L. (im Folgenden DER EIGENT\u00dcMER) mit der Meldeanschrift C\/ Flauta M\u00e1gica N\u00ba 22, 29006 M\u00e1laga, mit der Steuernummer B93114957 stellt auf seiner Website bestimmte Inhalte informativer Art \u00fcber seine Aktivit\u00e4ten zur Verf\u00fcgung.Diese allgemeinen Bedingungen regeln einzig und allein die Nutzung der Website des EIGENT\u00dcMERs durch die BENUTZER, die darauf zugreifen. Diese allgemeinen Gesch\u00e4ftsbedingungen werden dem BENUTZER auf der Website auf jeder einzelnen Seite angezeigt, so dass der BENUTZER sie \u00fcber das Internet lesen, ausdrucken, speichern und akzeptieren kann und umfassend informiert ist.<\/p>\n<p>Der Zugang zur Website des Eigent\u00fcmers setzt die uneingeschr\u00e4nkte Annahme dieser allgemeinen Nutzungsbedingungen voraus, die der BENUTZER in ihrer Gesamtheit zu verstehen erkl\u00e4rt. Der BENUTZER verpflichtet sich, die Website und die auf ihr angebotenen Dienste nicht f\u00fcr gesetzeswidrige Handlungen zu nutzen und die vorliegenden allgemeinen Bedingungen jederzeit einzuhalten.<\/p>\n<\/div>\n<\/div>\n<\/div>\n<\/div>\n<\/div>\n<div class=\"fusion-fullwidth fullwidth-box fusion-builder-row-3 fusion-flex-container nonhundred-percent-fullwidth non-hundred-percent-height-scrolling\">\n<div class=\"fusion-builder-row fusion-row fusion-flex-align-items-flex-start\">\n<div class=\"fusion-layout-column fusion_builder_column fusion-builder-column-2 fusion_builder_column_1_1 1_1 fusion-flex-column\">\n<div class=\"fusion-column-wrapper fusion-flex-justify-content-flex-start fusion-content-layout-column\">\n<div class=\"fusion-title title fusion-title-3 fusion-title-text fusion-title-size-five\">\n<h5 data-fontsize=\"20\" data-lineheight=\"30px\"> <\/h5>\n<h5 class=\"title-heading-left fusion-responsive-typography-calculated\" data-fontsize=\"20\" data-lineheight=\"30px\">ERSTE. ZUGANGS- UND NUTZUNGSBEDINGUNGEN<\/h5>\n<div class=\"title-sep-container title-sep-container-right\">\n<div class=\"title-sep sep-\"> <\/div>\n<\/div>\n<\/div>\n<div class=\"fusion-text fusion-text-2\">\n<p>1.1.- Die Nutzung der Website des BETREIBERS erfordert keine Registrierung des BENUTZERS. Die Bedingungen f\u00fcr den Zugang und die Nutzung dieser Website unterliegen streng den geltenden Rechtsvorschriften und dem Grundsatz von Treu und Glauben, und der BENUTZER verpflichtet sich, die Website ordnungsgem\u00e4\u00df zu nutzen. Alle Handlungen, die die Legalit\u00e4t, Rechte oder Interessen Dritter verletzen, sind verboten: Recht auf Privatsph\u00e4re, Datenschutz, geistiges Eigentum usw. Der EIGENT\u00dcMER untersagt ausdr\u00fccklich Folgendes:<\/p>\n<p>1.1.1.1.- Handlungen vorzunehmen, die in irgendeiner Weise Sch\u00e4den an den Systemen des BETREIBERS oder Dritter auf der Website oder \u00fcber diese verursachen k\u00f6nnen.<\/p>\n<p>1.1.2. ohne entsprechende Genehmigung direkt oder verdeckt Werbung oder kommerzielle Informationen zu verbreiten, Massensendungen zu versenden (&#8222;Spamming&#8220;) oder umfangreiche Nachrichten mit dem Ziel zu versenden, Netzserver zu blockieren (&#8222;Mail Bombing&#8220;).<\/p>\n<p>1.2.- DER EIGENT\u00dcMER kann den Zugang zu seiner Website jederzeit unterbrechen, wenn er eine Nutzung feststellt, die gegen das Gesetz, Treu und Glauben oder die vorliegenden allgemeinen Bedingungen verst\u00f6\u00dft &#8211; siehe Klausel<\/p>\n<\/div>\n<\/div>\n<\/div>\n<\/div>\n<\/div>\n<div class=\"fusion-fullwidth fullwidth-box fusion-builder-row-4 fusion-flex-container nonhundred-percent-fullwidth non-hundred-percent-height-scrolling\">\n<div class=\"fusion-builder-row fusion-row fusion-flex-align-items-flex-start\">\n<div class=\"fusion-layout-column fusion_builder_column fusion-builder-column-3 fusion_builder_column_1_1 1_1 fusion-flex-column\">\n<div class=\"fusion-column-wrapper fusion-flex-justify-content-flex-start fusion-content-layout-column\">\n<div class=\"fusion-title title fusion-title-4 fusion-title-text fusion-title-size-five\">\n<h5 data-fontsize=\"20\" data-lineheight=\"30px\"> <\/h5>\n<h5 class=\"title-heading-left fusion-responsive-typography-calculated\" data-fontsize=\"20\" data-lineheight=\"30px\">ZWEITENS. INHALT<\/h5>\n<div class=\"title-sep-container title-sep-container-right\">\n<div class=\"title-sep sep-\"> <\/div>\n<\/div>\n<\/div>\n<div class=\"fusion-text fusion-text-3\">\n<p>Die auf dieser Website enthaltenen Inhalte wurden von uns erstellt und aufgenommen:<\/p>\n<p>2.1.- DER EIGENT\u00dcMER verwendet interne und externe Quellen in der Weise, dass DER EIGENT\u00dcMER nur f\u00fcr die intern erarbeiteten Inhalte verantwortlich ist.<\/p>\n<p>2.2.- DER EIGENT\u00dcMER beh\u00e4lt sich das Recht vor, die bestehenden Inhalte seiner Website jederzeit zu \u00e4ndern. Der EIGENT\u00dcMER garantiert nicht und ist nicht verantwortlich f\u00fcr das korrekte Funktionieren der Links zu Websites Dritter, die auf dieser Website erscheinen. Dar\u00fcber hinaus stellt die Website des EIGENT\u00dcMERs dem Nutzer kostenlose und kostenpflichtige Dienste zur Verf\u00fcgung, die von Dritten angeboten werden und f\u00fcr die die spezifischen Bedingungen eines jeden von ihnen gelten. DER BETREIBER \u00fcbernimmt keine Gew\u00e4hr f\u00fcr die Richtigkeit, Genauigkeit und Aktualit\u00e4t der von Dritten angebotenen Inhalte und Dienste und ist ausdr\u00fccklich von jeglicher Haftung f\u00fcr Sch\u00e4den, die aus der mangelnden Richtigkeit dieser Inhalte und Dienste entstehen k\u00f6nnen, befreit.<\/p>\n<\/div>\n<\/div>\n<\/div>\n<\/div>\n<\/div>\n<div class=\"fusion-fullwidth fullwidth-box fusion-builder-row-5 fusion-flex-container nonhundred-percent-fullwidth non-hundred-percent-height-scrolling\">\n<div class=\"fusion-builder-row fusion-row fusion-flex-align-items-flex-start\">\n<div class=\"fusion-layout-column fusion_builder_column fusion-builder-column-4 fusion_builder_column_1_1 1_1 fusion-flex-column\">\n<div class=\"fusion-column-wrapper fusion-flex-justify-content-flex-start fusion-content-layout-column\">\n<div class=\"fusion-title title fusion-title-5 fusion-title-text fusion-title-size-five\">\n<h5 data-fontsize=\"20\" data-lineheight=\"30px\"> <\/h5>\n<h5 class=\"title-heading-left fusion-responsive-typography-calculated\" data-fontsize=\"20\" data-lineheight=\"30px\">DRITTENS. VERANTWORTUNG<\/h5>\n<div class=\"title-sep-container title-sep-container-right\">\n<div class=\"title-sep sep-\"> <\/div>\n<\/div>\n<\/div>\n<div class=\"fusion-text fusion-text-4\">\n<p>3.1.- DER EIGENT\u00dcMER ist in keinem Fall verantwortlich f\u00fcr:<\/p>\n<p>3.1.1.1.- Die Ausf\u00e4lle und Vorf\u00e4lle, die in der Kommunikation, L\u00f6schung oder unvollst\u00e4ndige \u00dcbertragungen auftreten k\u00f6nnen, so dass es keine Garantie, dass die Dienste der Website sind st\u00e4ndig in Betrieb.<\/p>\n<p>3.1.2.- F\u00fcr die Beseitigung von Sch\u00e4den jeglicher Art, die BENUTZER oder Dritte an der Website verursachen k\u00f6nnen.<\/p>\n<p>3.1.3.- F\u00fcr die Zuverl\u00e4ssigkeit und Richtigkeit der Informationen, die von Dritten direkt oder \u00fcber Links auf die Website gestellt werden. Ebenso muss DER EIGENT\u00dcMER mit den zust\u00e4ndigen Beh\u00f6rden zusammenarbeiten und sie \u00fcber diese Vorf\u00e4lle informieren, sobald er verl\u00e4ssliche Kenntnisse dar\u00fcber hat, dass der verursachte Schaden irgendeine Art von illegaler Aktivit\u00e4t darstellt.<\/p>\n<p>3.2.- DER EIGENT\u00dcMER beh\u00e4lt sich das Recht vor, den Zugang ohne Vorank\u00fcndigung und nach eigenem Ermessen dauerhaft oder vor\u00fcbergehend zu sperren, bis er eine wirksame Haftung f\u00fcr eventuell auftretende Sch\u00e4den sichergestellt hat. Ebenso muss DER EIGENT\u00dcMER mit den zust\u00e4ndigen Beh\u00f6rden zusammenarbeiten und sie \u00fcber diese Vorf\u00e4lle informieren, sobald er verl\u00e4ssliche Kenntnisse dar\u00fcber hat, dass der verursachte Schaden irgendeine Art von illegaler Aktivit\u00e4t darstellt.<\/p>\n<\/div>\n<\/div>\n<\/div>\n<\/div>\n<\/div>\n<div class=\"fusion-fullwidth fullwidth-box fusion-builder-row-6 fusion-flex-container nonhundred-percent-fullwidth non-hundred-percent-height-scrolling\">\n<div class=\"fusion-builder-row fusion-row fusion-flex-align-items-flex-start\">\n<div class=\"fusion-layout-column fusion_builder_column fusion-builder-column-5 fusion_builder_column_1_1 1_1 fusion-flex-column\">\n<div class=\"fusion-column-wrapper fusion-flex-justify-content-flex-start fusion-content-layout-column\">\n<div class=\"fusion-title title fusion-title-6 fusion-title-text fusion-title-size-five\">\n<h5 data-fontsize=\"20\" data-lineheight=\"30px\"> <\/h5>\n<h5 class=\"title-heading-left fusion-responsive-typography-calculated\" data-fontsize=\"20\" data-lineheight=\"30px\">IV. URHEBERRECHT UND WARENZEICHEN<\/h5>\n<div class=\"title-sep-container title-sep-container-right\">\n<div class=\"title-sep sep-\"> <\/div>\n<\/div>\n<\/div>\n<div class=\"fusion-text fusion-text-5\">\n<p>Die Website von DER INHABER &#8211; der Inhalt, die Programmierung und das Design der Website &#8211; ist in vollem Umfang urheberrechtlich gesch\u00fctzt, und jede Vervielf\u00e4ltigung, Weitergabe, Verbreitung und Umwandlung der oben genannten gesch\u00fctzten Elemente ist ohne die ausdr\u00fcckliche Zustimmung von DER INHABER ausdr\u00fccklich verboten. Sowohl die grafischen als auch die schriftlichen Materialien, die von den Nutzern \u00fcber die auf der Website zur Verf\u00fcgung gestellten Mittel gesendet werden, sind Eigentum des Nutzers, der mit ihrer \u00dcbersendung ihre rechtm\u00e4\u00dfige Urheberschaft best\u00e4tigt und die Vervielf\u00e4ltigungs- und Verbreitungsrechte an den INHABER \u00fcbertr\u00e4gt.<\/p>\n<\/div>\n<\/div>\n<\/div>\n<\/div>\n<\/div>\n<div class=\"fusion-fullwidth fullwidth-box fusion-builder-row-7 fusion-flex-container nonhundred-percent-fullwidth non-hundred-percent-height-scrolling\">\n<div class=\"fusion-builder-row fusion-row fusion-flex-align-items-flex-start\">\n<div class=\"fusion-layout-column fusion_builder_column fusion-builder-column-6 fusion_builder_column_1_1 1_1 fusion-flex-column\">\n<div class=\"fusion-column-wrapper fusion-flex-justify-content-flex-start fusion-content-layout-column\">\n<div class=\"fusion-title title fusion-title-7 fusion-title-text fusion-title-size-five\">\n<h5 data-fontsize=\"20\" data-lineheight=\"30px\"> <\/h5>\n<h5 class=\"title-heading-left fusion-responsive-typography-calculated\" data-fontsize=\"20\" data-lineheight=\"30px\">F\u00dcNFTE. EINWILLIGUNG IN DIE VERARBEITUNG PERSONENBEZOGENER DATEN<\/h5>\n<div class=\"title-sep-container title-sep-container-right\">\n<div class=\"title-sep sep-\"> <\/div>\n<\/div>\n<\/div>\n<div class=\"fusion-text fusion-text-6\">\n<p>Alle von Ihnen \u00fcber ein Formular auf dieser Website \u00fcbermittelten Daten werden streng vertraulich behandelt. Wir informieren Sie dar\u00fcber, dass alle von Ihnen gelieferten Daten in die Datei: KUNDEN VON ORTHOAPNEA S.L. aufgenommen werden, um f\u00fcr die Zwecke der VERWALTUNG DER KUNDEN VON ORTHOAPNEA S.L. verarbeitet zu werden. Sie werden auch \u00fcber Ihr Recht informiert, von dem f\u00fcr die Verarbeitung Verantwortlichen Zugang zu den Sie betreffenden personenbezogenen Daten zu verlangen und deren Berichtigung oder L\u00f6schung oder die Einschr\u00e4nkung ihrer Verarbeitung zu verlangen oder sich ihrer Verarbeitung zu widersetzen, sowie \u00fcber das Recht auf \u00dcbertragbarkeit Ihrer Daten und das Recht, eine Beschwerde bei einer Aufsichtsbeh\u00f6rde einzureichen.<br \/>Alle pers\u00f6nlichen Daten, die Sie ORTHOAPNEA S.L. zur Verf\u00fcgung stellen, werden mit Ihrer ausdr\u00fccklichen Zustimmung verarbeitet. Wenn Sie uns personenbezogene Daten von Dritten zur Verf\u00fcgung stellen, m\u00fcssen Sie deren Zustimmung und Genehmigung f\u00fcr deren \u00dcbermittlung haben. Sie k\u00f6nnen schreiben an:<\/p>\n<p>ORTHOAPNEA S.L.<br \/>CL. ZAUBERFL\u00d6TE NR. 22<br \/>29006 M\u00c1LAGA<\/p>\n<\/div>\n<\/div>\n<\/div>\n<\/div>\n<\/div>\n<div class=\"fusion-fullwidth fullwidth-box fusion-builder-row-8 fusion-flex-container nonhundred-percent-fullwidth non-hundred-percent-height-scrolling\">\n<div class=\"fusion-builder-row fusion-row fusion-flex-align-items-flex-start\">\n<div class=\"fusion-layout-column fusion_builder_column fusion-builder-column-7 fusion_builder_column_1_1 1_1 fusion-flex-column\">\n<div class=\"fusion-column-wrapper fusion-flex-justify-content-flex-start fusion-content-layout-column\">\n<div class=\"fusion-title title fusion-title-8 fusion-title-text fusion-title-size-five\">\n<h5 data-fontsize=\"20\" data-lineheight=\"30px\"> <\/h5>\n<h5 class=\"title-heading-left fusion-responsive-typography-calculated\" data-fontsize=\"20\" data-lineheight=\"30px\">SECHSTENS. ZUST\u00c4NDIGKEIT UND ANWENDBARES RECHT<\/h5>\n<div class=\"title-sep-container title-sep-container-right\">\n<div class=\"title-sep sep-\"> <\/div>\n<\/div>\n<\/div>\n<div class=\"fusion-text fusion-text-7\">\n<p>Die vorliegenden allgemeinen Bedingungen unterliegen dem spanischen Recht. Die Gerichte von M\u00e1laga sind zust\u00e4ndig f\u00fcr die Beilegung von Streitigkeiten oder Konflikten, die sich aus diesen allgemeinen Bedingungen ergeben, und der BENUTZER verzichtet ausdr\u00fccklich auf jede andere Gerichtsbarkeit, die ihm zustehen k\u00f6nnte.<\/p>\n<\/div>\n<\/div>\n<\/div>\n<\/div>\n<\/div>\n<div class=\"fusion-fullwidth fullwidth-box fusion-builder-row-9 fusion-flex-container nonhundred-percent-fullwidth non-hundred-percent-height-scrolling\">\n<div class=\"fusion-builder-row fusion-row fusion-flex-align-items-flex-start\">\n<div class=\"fusion-layout-column fusion_builder_column fusion-builder-column-8 fusion_builder_column_1_1 1_1 fusion-flex-column\">\n<div class=\"fusion-column-wrapper fusion-flex-justify-content-flex-start fusion-content-layout-column\">\n<div class=\"fusion-title title fusion-title-9 fusion-title-text fusion-title-size-five\">\n<h5 data-fontsize=\"20\" data-lineheight=\"30px\"> <\/h5>\n<h5 class=\"title-heading-left fusion-responsive-typography-calculated\" data-fontsize=\"20\" data-lineheight=\"30px\">SEVENTH<\/h5>\n<div class=\"title-sep-container title-sep-container-right\">\n<div class=\"title-sep sep-\"> <\/div>\n<\/div>\n<\/div>\n<div class=\"fusion-text fusion-text-8\">\n<p>Sollte eine Bestimmung dieses Dokuments f\u00fcr ung\u00fcltig erkl\u00e4rt werden, bleiben die \u00fcbrigen Bestimmungen in Kraft und sind unter Ber\u00fccksichtigung des Willens der Parteien und des Zwecks dieser Bedingungen auszulegen. DER EIGENT\u00dcMER darf keines der in diesem Dokument \u00fcbertragenen Rechte und Befugnisse aus\u00fcben, was in keinem Fall einen Verzicht auf diese Rechte und Befugnisse bedeutet, es sei denn, der EIGENT\u00dcMER hat dies ausdr\u00fccklich anerkannt.<\/p>\n<\/div>\n<\/div>\n<\/div>\n<\/div>\n<\/div>\n<p><\/p>\n\t\t\t\t\t\t\t\t<\/div>\n\t\t\t\t<\/div>\n\t\t\t\t\t<\/div>\n\t\t<\/div>\n\t\t\t\t\t<\/div>\n\t\t<\/section>\n\t\t\t\t<\/div>\n\t\t","protected":false},"excerpt":{"rendered":"<p>ALLGEMEINE NUTZUNGSBEDINGUNGEN ORTHOAPNEA S.L. (im Folgenden DER EIGENT\u00dcMER) mit der Meldeanschrift C\/ Flauta M\u00e1gica N\u00ba 22, 29006 M\u00e1laga, mit der Steuernummer B93114957 stellt auf seiner Website bestimmte Inhalte informativer Art \u00fcber seine Aktivit\u00e4ten zur Verf\u00fcgung.Diese allgemeinen Bedingungen regeln einzig und allein die Nutzung der Website des EIGENT\u00dcMERs durch die BENUTZER, die darauf zugreifen. Diese allgemeinen [&hellip;]<\/p>\n","protected":false},"author":1,"featured_media":0,"parent":0,"menu_order":0,"comment_status":"closed","ping_status":"open","template":"","meta":{"footnotes":""},"class_list":["post-3968","page","type-page","status-publish","hentry"],"_links":{"self":[{"href":"https:\/\/www.orthoapnea.com\/de\/wp-json\/wp\/v2\/pages\/3968","targetHints":{"allow":["GET"]}}],"collection":[{"href":"https:\/\/www.orthoapnea.com\/de\/wp-json\/wp\/v2\/pages"}],"about":[{"href":"https:\/\/www.orthoapnea.com\/de\/wp-json\/wp\/v2\/types\/page"}],"author":[{"embeddable":true,"href":"https:\/\/www.orthoapnea.com\/de\/wp-json\/wp\/v2\/users\/1"}],"replies":[{"embeddable":true,"href":"https:\/\/www.orthoapnea.com\/de\/wp-json\/wp\/v2\/comments?post=3968"}],"version-history":[{"count":12,"href":"https:\/\/www.orthoapnea.com\/de\/wp-json\/wp\/v2\/pages\/3968\/revisions"}],"predecessor-version":[{"id":4018,"href":"https:\/\/www.orthoapnea.com\/de\/wp-json\/wp\/v2\/pages\/3968\/revisions\/4018"}],"wp:attachment":[{"href":"https:\/\/www.orthoapnea.com\/de\/wp-json\/wp\/v2\/media?parent=3968"}],"curies":[{"name":"wp","href":"https:\/\/api.w.org\/{rel}","templated":true}]}}