{"id":4156,"date":"2023-10-16T14:49:09","date_gmt":"2023-10-16T14:49:09","guid":{"rendered":"http:\/\/172.26.0.178\/orthoapnea\/verwendung-von-cookies\/"},"modified":"2023-11-16T12:28:57","modified_gmt":"2023-11-16T12:28:57","slug":"verwendung-von-cookies","status":"publish","type":"page","link":"https:\/\/www.orthoapnea.com\/de\/verwendung-von-cookies\/","title":{"rendered":"Verwendung von Cookies"},"content":{"rendered":"\t\t<div data-elementor-type=\"wp-page\" data-elementor-id=\"4156\" class=\"elementor elementor-4156 elementor-2976\" data-elementor-post-type=\"page\">\n\t\t\t\t\t\t<section class=\"elementor-section elementor-top-section elementor-element elementor-element-483ee8e6 elementor-section-boxed elementor-section-height-default elementor-section-height-default\" data-id=\"483ee8e6\" data-element_type=\"section\" data-e-type=\"section\">\n\t\t\t\t\t\t<div class=\"elementor-container elementor-column-gap-default\">\n\t\t\t\t\t<div class=\"elementor-column elementor-col-100 elementor-top-column elementor-element elementor-element-18eb15a3\" data-id=\"18eb15a3\" data-element_type=\"column\" data-e-type=\"column\">\n\t\t\t<div class=\"elementor-widget-wrap elementor-element-populated\">\n\t\t\t\t\t\t<div class=\"elementor-element elementor-element-324b60c6 elementor-widget elementor-widget-text-editor\" data-id=\"324b60c6\" data-element_type=\"widget\" data-e-type=\"widget\" data-widget_type=\"text-editor.default\">\n\t\t\t\t<div class=\"elementor-widget-container\">\n\t\t\t\t\t\t\t\t\t<p><\/p>\n<div class=\"fusion-fullwidth fullwidth-box fusion-builder-row-2 fusion-flex-container nonhundred-percent-fullwidth non-hundred-percent-height-scrolling\">\n<div class=\"fusion-builder-row fusion-row fusion-flex-align-items-flex-start\">\n<div class=\"fusion-layout-column fusion_builder_column fusion-builder-column-1 fusion_builder_column_1_1 1_1 fusion-flex-column\">\n<div class=\"fusion-column-wrapper fusion-flex-justify-content-flex-start fusion-content-layout-column\">\n<div class=\"fusion-title title fusion-title-2 fusion-title-text fusion-title-size-five\">\n<div class=\"fusion-fullwidth fullwidth-box fusion-builder-row-2 fusion-flex-container nonhundred-percent-fullwidth non-hundred-percent-height-scrolling\">\n<div class=\"fusion-builder-row fusion-row fusion-flex-align-items-flex-start\">\n<div class=\"fusion-layout-column fusion_builder_column fusion-builder-column-1 fusion_builder_column_1_1 1_1 fusion-flex-column\">\n<div class=\"fusion-column-wrapper fusion-flex-justify-content-flex-start fusion-content-layout-column\">\n<div class=\"fusion-text fusion-text-1\">\n<p>Ein Cookie ist eine Datei, die auf Ihren Computer heruntergeladen wird, wenn Sie auf bestimmte Websites zugreifen. Cookies erm\u00f6glichen es einer Website unter anderem, Informationen \u00fcber die Surfgewohnheiten eines Nutzers oder seines Computers zu speichern und abzurufen, und je nach den darin enthaltenen Informationen und der Art und Weise, wie Sie Ihren Computer benutzen, k\u00f6nnen sie zur Wiedererkennung des Nutzers verwendet werden. Der Browser des Nutzers speichert Cookies nur w\u00e4hrend der aktuellen Sitzung auf der Festplatte, so dass sie nur minimalen Speicherplatz beanspruchen und den Computer nicht besch\u00e4digen. Cookies enthalten keine spezifischen pers\u00f6nlichen Informationen, und die meisten Cookies werden am Ende der Browser-Sitzung von der Festplatte gel\u00f6scht (so genannte Session-Cookies).<\/p>\n<p>Die meisten Browser akzeptieren Cookies standardm\u00e4\u00dfig und erlauben oder verhindern unabh\u00e4ngig davon in den Sicherheitseinstellungen tempor\u00e4re oder gespeicherte Cookies.<\/p>\n<p>Ohne Ihre ausdr\u00fcckliche Zustimmung &#8211; durch die Aktivierung von Cookies in Ihrem Browser &#8211; wird ORTHOAPNEA die in den Cookies gespeicherten Daten nicht mit den von Ihnen bei der Registrierung oder beim Kauf angegebenen pers\u00f6nlichen Daten verkn\u00fcpfen.<\/p>\n<\/div>\n<\/div>\n<\/div>\n<\/div>\n<\/div>\n<div class=\"fusion-fullwidth fullwidth-box fusion-builder-row-3 fusion-flex-container nonhundred-percent-fullwidth non-hundred-percent-height-scrolling\">\n<div class=\"fusion-builder-row fusion-row fusion-flex-align-items-flex-start\">\n<div class=\"fusion-layout-column fusion_builder_column fusion-builder-column-2 fusion_builder_column_1_1 1_1 fusion-flex-column\">\n<div class=\"fusion-column-wrapper fusion-flex-justify-content-flex-start fusion-content-layout-column\">\n<div class=\"fusion-title title fusion-title-2 fusion-title-text fusion-title-size-five\">\n<h5 class=\"title-heading-left fusion-responsive-typography-calculated\" data-fontsize=\"20\" data-lineheight=\"30px\"><\/h5>\n<h5 class=\"title-heading-left fusion-responsive-typography-calculated\" data-fontsize=\"20\" data-lineheight=\"30px\">WELCHE ART VON COOKIES WIRD AUF DIESER WEBSITE VERWENDET?<\/h5>\n<div class=\"title-sep-container title-sep-container-right\">\n<div class=\"title-sep sep-\">&nbsp;<\/div>\n<\/div>\n<\/div>\n<div class=\"fusion-text fusion-text-2\">\n<p>Technische Cookies: Diese Cookies erm\u00f6glichen es dem Nutzer, auf einer Website, einer Plattform oder einer Anwendung zu surfen und die verschiedenen dort vorhandenen Optionen oder Dienste zu nutzen, wie z. B. die Steuerung des Datenverkehrs und der Datenkommunikation, die Identifizierung der Sitzung, den Zugang zu Bereichen mit eingeschr\u00e4nktem Zugang, die Erinnerung an die Elemente, aus denen eine Bestellung besteht, die Durchf\u00fchrung des Kaufvorgangs einer Bestellung, die Beantragung einer Registrierung oder die Teilnahme an einer Veranstaltung, die Verwendung von Sicherheitselementen beim Surfen, die Speicherung von Inhalten f\u00fcr die \u00dcbertragung von Videos oder Ton oder die gemeinsame Nutzung von Inhalten \u00fcber soziale Netzwerke.<\/p>\n<p>Personalisierungs-Cookies: Diese Cookies erm\u00f6glichen es dem Nutzer, auf den Dienst mit bestimmten vordefinierten allgemeinen Merkmalen zuzugreifen, die von einer Reihe von Kriterien auf dem Endger\u00e4t des Nutzers abh\u00e4ngen, wie z. B. der Sprache, der Art des Browsers, der f\u00fcr den Zugriff auf den Dienst verwendet wird, der regionalen Konfiguration, von der aus auf den Dienst zugegriffen wird, usw.<\/p>\n<p>Analyse-Cookies: Es handelt sich um Cookies, die entweder von uns oder von Dritten verarbeitet werden und die es uns erm\u00f6glichen, die Anzahl der Nutzer zu quantifizieren und somit eine Messung und statistische Analyse der Nutzung des angebotenen Dienstes durch die Nutzer durchzuf\u00fchren. Zu diesem Zweck wird Ihr Surfverhalten auf unserer Website analysiert, um das Angebot an Produkten und Dienstleistungen f\u00fcr Sie zu verbessern.<\/p>\n<p>Werbe-Cookies: Es handelt sich um Cookies, die entweder von uns oder von Dritten verarbeitet werden und die es uns erm\u00f6glichen, das Angebot an Werbefl\u00e4chen auf der Website so effizient wie m\u00f6glich zu verwalten, indem der Inhalt der Werbung an den Inhalt der angeforderten Dienstleistung oder an die Nutzung unserer Website angepasst wird. Zu diesem Zweck k\u00f6nnen wir Ihre Internet-Browsing-Gewohnheiten analysieren und Ihnen Werbung zeigen, die mit Ihrem Browsing-Profil zusammenh\u00e4ngt.<\/p>\n<p>Cookies f\u00fcr verhaltensbasierte Werbung: Diese Cookies erm\u00f6glichen eine m\u00f6glichst effiziente Verwaltung der Werbefl\u00e4chen, die der Herausgeber gegebenenfalls auf einer Website, Anwendung oder Plattform, von der aus der angeforderte Dienst erbracht wird, eingef\u00fcgt hat. In diesen Cookies werden Informationen \u00fcber das Verhalten der Nutzer gespeichert, die durch st\u00e4ndige Beobachtung ihrer Surfgewohnheiten gewonnen werden und die es erm\u00f6glichen, ein spezifisches Profil zu erstellen, um darauf basierende Werbung anzuzeigen.<\/p>\n<p>Cookies von Drittanbietern: Die ORTHOAPNEA-Website kann Dienste von Drittanbietern nutzen, die im Auftrag von ORTHOAPNEA Informationen zu statistischen Zwecken, zur Nutzung der Website durch den Nutzer und zur Erbringung anderer Dienstleistungen im Zusammenhang mit der Aktivit\u00e4t der Website und anderer Internetdienste zusammenstellen.<\/p>\n<p>Diese Website benutzt insbesondere Google Analytics, einen Webanalysedienst der Google Inc. mit Sitz in den Vereinigten Staaten und der Hauptniederlassung in 1600 Amphitheatre Parkway, Mountain View, California 94043. Um diese Dienste anbieten zu k\u00f6nnen, verwenden sie Cookies, die Informationen sammeln, einschlie\u00dflich der IP-Adresse des Nutzers, die an Google \u00fcbertragen, verarbeitet und gespeichert werden, und zwar unter den auf der Website Google.com festgelegten Bedingungen. Dies gilt auch f\u00fcr die eventuelle \u00dcbermittlung dieser Informationen an Dritte, wenn dies gesetzlich vorgeschrieben ist oder wenn diese Dritten die Informationen im Auftrag von Google verarbeiten.<\/p>\n<p>Durch die Nutzung dieser Website erkl\u00e4rt sich der Nutzer ausdr\u00fccklich mit der Verarbeitung der auf diese Weise und zu den oben genannten Zwecken erhobenen Daten einverstanden. Sie best\u00e4tigen auch, dass Sie sich der M\u00f6glichkeit bewusst sind, die Verarbeitung solcher Daten oder Informationen zu verweigern, indem Sie die Verwendung von Cookies ablehnen, indem Sie die entsprechenden Einstellungen in Ihrem Browser zu diesem Zweck w\u00e4hlen. Diese Option der Blockierung von Cookies in Ihrem Browser erm\u00f6glicht es Ihnen jedoch m\u00f6glicherweise nicht, alle Funktionen der Website in vollem Umfang zu nutzen.<\/p>\n<p>Sie k\u00f6nnen die auf Ihrem Computer installierten Cookies zulassen, blockieren oder l\u00f6schen, indem Sie die auf Ihrem Computer installierten Browseroptionen konfigurieren.<\/p>\n<p>Wenn Sie irgendwelche Zweifel an dieser Cookie-Politik haben, k\u00f6nnen Sie sich an ORTHOAPNEA wenden.<\/p>\n<\/div>\n<\/div>\n<\/div>\n<\/div>\n<\/div>\n<\/div>\n<\/div>\n<\/div>\n<\/div>\n<\/div>\n<p><\/p>\n\t\t\t\t\t\t\t\t<\/div>\n\t\t\t\t<\/div>\n\t\t\t\t\t<\/div>\n\t\t<\/div>\n\t\t\t\t\t<\/div>\n\t\t<\/section>\n\t\t\t\t<\/div>\n\t\t","protected":false},"excerpt":{"rendered":"<p>Ein Cookie ist eine Datei, die auf Ihren Computer heruntergeladen wird, wenn Sie auf bestimmte Websites zugreifen. Cookies erm\u00f6glichen es einer Website unter anderem, Informationen \u00fcber die Surfgewohnheiten eines Nutzers oder seines Computers zu speichern und abzurufen, und je nach den darin enthaltenen Informationen und der Art und Weise, wie Sie Ihren Computer benutzen, k\u00f6nnen [&hellip;]<\/p>\n","protected":false},"author":1,"featured_media":0,"parent":0,"menu_order":0,"comment_status":"closed","ping_status":"closed","template":"","meta":{"footnotes":""},"class_list":["post-4156","page","type-page","status-publish","hentry"],"_links":{"self":[{"href":"https:\/\/www.orthoapnea.com\/de\/wp-json\/wp\/v2\/pages\/4156","targetHints":{"allow":["GET"]}}],"collection":[{"href":"https:\/\/www.orthoapnea.com\/de\/wp-json\/wp\/v2\/pages"}],"about":[{"href":"https:\/\/www.orthoapnea.com\/de\/wp-json\/wp\/v2\/types\/page"}],"author":[{"embeddable":true,"href":"https:\/\/www.orthoapnea.com\/de\/wp-json\/wp\/v2\/users\/1"}],"replies":[{"embeddable":true,"href":"https:\/\/www.orthoapnea.com\/de\/wp-json\/wp\/v2\/comments?post=4156"}],"version-history":[{"count":12,"href":"https:\/\/www.orthoapnea.com\/de\/wp-json\/wp\/v2\/pages\/4156\/revisions"}],"predecessor-version":[{"id":4242,"href":"https:\/\/www.orthoapnea.com\/de\/wp-json\/wp\/v2\/pages\/4156\/revisions\/4242"}],"wp:attachment":[{"href":"https:\/\/www.orthoapnea.com\/de\/wp-json\/wp\/v2\/media?parent=4156"}],"curies":[{"name":"wp","href":"https:\/\/api.w.org\/{rel}","templated":true}]}}