{"id":8567,"date":"2026-01-07T16:18:37","date_gmt":"2026-01-07T16:18:37","guid":{"rendered":"https:\/\/www.orthoapnea.com\/noa-slim\/"},"modified":"2026-02-23T16:45:19","modified_gmt":"2026-02-23T16:45:19","slug":"noa-slim","status":"publish","type":"page","link":"https:\/\/www.orthoapnea.com\/de\/noa-slim\/","title":{"rendered":"NOA Slim"},"content":{"rendered":"\t\t<div data-elementor-type=\"wp-page\" data-elementor-id=\"8567\" class=\"elementor elementor-8567 elementor-8363\" data-elementor-post-type=\"page\">\n\t\t\t\t<div class=\"elementor-element elementor-element-2e1d310 e-flex e-con-boxed e-con e-parent\" data-id=\"2e1d310\" data-element_type=\"container\" data-e-type=\"container\" data-settings=\"{&quot;background_background&quot;:&quot;classic&quot;}\">\n\t\t\t\t\t<div class=\"e-con-inner\">\n\t\t<div class=\"elementor-element elementor-element-ec55423 e-con-full e-flex e-con e-child\" data-id=\"ec55423\" data-element_type=\"container\" data-e-type=\"container\">\n\t\t<div class=\"elementor-element elementor-element-10946c9 e-con-full e-flex e-con e-child\" data-id=\"10946c9\" data-element_type=\"container\" data-e-type=\"container\">\n\t\t\t\t<div class=\"elementor-element elementor-element-1780e3b elementor-widget elementor-widget-heading\" data-id=\"1780e3b\" data-element_type=\"widget\" data-e-type=\"widget\" data-widget_type=\"heading.default\">\n\t\t\t\t<div class=\"elementor-widget-container\">\n\t\t\t\t\t<h2 class=\"elementor-heading-title elementor-size-default\">Schlanker, leichter und komfortabler<\/h2>\t\t\t\t<\/div>\n\t\t\t\t<\/div>\n\t\t\t\t<div class=\"elementor-element elementor-element-18ef3eb elementor-widget elementor-widget-heading\" data-id=\"18ef3eb\" data-element_type=\"widget\" data-e-type=\"widget\" data-widget_type=\"heading.default\">\n\t\t\t\t<div class=\"elementor-widget-container\">\n\t\t\t\t\t<h2 class=\"elementor-heading-title elementor-size-default\">Entdecken Sie die Evolution im neuen Design von OrthoApnea NOA.<\/h2>\t\t\t\t<\/div>\n\t\t\t\t<\/div>\n\t\t\t\t<\/div>\n\t\t<div class=\"elementor-element elementor-element-22d3d70 e-con-full e-flex e-con e-child\" data-id=\"22d3d70\" data-element_type=\"container\" data-e-type=\"container\">\n\t\t\t\t<div class=\"elementor-element elementor-element-09f6c95 animated-slow elementor-widget elementor-widget-button\" data-id=\"09f6c95\" data-element_type=\"widget\" data-e-type=\"widget\" data-settings=\"{&quot;_animation&quot;:&quot;none&quot;,&quot;_animation_delay&quot;:0}\" data-widget_type=\"button.default\">\n\t\t\t\t<div class=\"elementor-widget-container\">\n\t\t\t\t\t\t\t\t\t<div class=\"elementor-button-wrapper\">\n\t\t\t\t\t<a class=\"elementor-button elementor-button-link elementor-size-sm\" href=\"https:\/\/www.orthoapnea.com\/download\/slim\/oanoaslim-de.pdf\" target=\"_blank\">\n\t\t\t\t\t\t<span class=\"elementor-button-content-wrapper\">\n\t\t\t\t\t\t<span class=\"elementor-button-icon\">\n\t\t\t\t<i aria-hidden=\"true\" class=\"fas fa-file-download\"><\/i>\t\t\t<\/span>\n\t\t\t\t\t\t\t\t\t<span class=\"elementor-button-text\">Technisches Datenblatt herunterladen<\/span>\n\t\t\t\t\t<\/span>\n\t\t\t\t\t<\/a>\n\t\t\t\t<\/div>\n\t\t\t\t\t\t\t\t<\/div>\n\t\t\t\t<\/div>\n\t\t\t\t<div class=\"elementor-element elementor-element-7848c6a animated-slow elementor-widget elementor-widget-button\" data-id=\"7848c6a\" data-element_type=\"widget\" data-e-type=\"widget\" data-settings=\"{&quot;_animation&quot;:&quot;none&quot;,&quot;_animation_delay&quot;:0}\" data-widget_type=\"button.default\">\n\t\t\t\t<div class=\"elementor-widget-container\">\n\t\t\t\t\t\t\t\t\t<div class=\"elementor-button-wrapper\">\n\t\t\t\t\t<a class=\"elementor-button elementor-button-link elementor-size-sm\" href=\"https:\/\/www.apneadock.com\">\n\t\t\t\t\t\t<span class=\"elementor-button-content-wrapper\">\n\t\t\t\t\t\t\t\t\t<span class=\"elementor-button-text\">Bei ApneaDock anfordern<\/span>\n\t\t\t\t\t<\/span>\n\t\t\t\t\t<\/a>\n\t\t\t\t<\/div>\n\t\t\t\t\t\t\t\t<\/div>\n\t\t\t\t<\/div>\n\t\t\t\t<\/div>\n\t\t\t\t<\/div>\n\t\t<div class=\"elementor-element elementor-element-c8323d4 e-con-full e-flex e-con e-child\" data-id=\"c8323d4\" data-element_type=\"container\" data-e-type=\"container\">\n\t\t\t\t<\/div>\n\t\t\t\t\t<\/div>\n\t\t\t\t<\/div>\n\t\t<div class=\"elementor-element elementor-element-c706f50 e-con-full e-flex e-con e-parent\" data-id=\"c706f50\" data-element_type=\"container\" data-e-type=\"container\">\n\t\t\t\t<div class=\"elementor-element elementor-element-d890877 elementor-widget elementor-widget-video\" data-id=\"d890877\" data-element_type=\"widget\" data-e-type=\"widget\" data-settings=\"{&quot;video_type&quot;:&quot;hosted&quot;,&quot;autoplay&quot;:&quot;yes&quot;,&quot;play_on_mobile&quot;:&quot;yes&quot;,&quot;mute&quot;:&quot;yes&quot;,&quot;loop&quot;:&quot;yes&quot;}\" data-widget_type=\"video.default\">\n\t\t\t\t<div class=\"elementor-widget-container\">\n\t\t\t\t\t\t\t<div class=\"e-hosted-video elementor-wrapper elementor-open-inline\">\n\t\t\t\t\t<video class=\"elementor-video\" src=\"https:\/\/www.orthoapnea.com\/wp-content\/uploads\/2026\/01\/EN-noa-leva-fina-data-2.mp4\" autoplay=\"\" loop=\"\" muted=\"muted\" playsinline=\"\" controlsList=\"nodownload\"><\/video>\n\t\t\t\t<\/div>\n\t\t\t\t\t\t<\/div>\n\t\t\t\t<\/div>\n\t\t\t\t<\/div>\n\t\t<div class=\"elementor-element elementor-element-ae03b87 e-flex e-con-boxed e-con e-parent\" data-id=\"ae03b87\" data-element_type=\"container\" data-e-type=\"container\" data-settings=\"{&quot;background_background&quot;:&quot;classic&quot;}\">\n\t\t\t\t\t<div class=\"e-con-inner\">\n\t\t<div class=\"elementor-element elementor-element-52ebcdd e-con-full e-flex e-con e-child\" data-id=\"52ebcdd\" data-element_type=\"container\" data-e-type=\"container\">\n\t\t\t\t<div class=\"elementor-element elementor-element-934ab4d elementor-widget elementor-widget-heading\" data-id=\"934ab4d\" data-element_type=\"widget\" data-e-type=\"widget\" data-widget_type=\"heading.default\">\n\t\t\t\t<div class=\"elementor-widget-container\">\n\t\t\t\t\t<h2 class=\"elementor-heading-title elementor-size-default\">Neues Nockenwellendesign.<br>K\u00fcrzere Mitnehmer.<br>Optimiertes Komfortprofil.<\/h2>\t\t\t\t<\/div>\n\t\t\t\t<\/div>\n\t\t\t\t<\/div>\n\t\t\t\t\t<\/div>\n\t\t\t\t<\/div>\n\t\t<div class=\"elementor-element elementor-element-b75a2f2 e-flex e-con-boxed e-con e-parent\" data-id=\"b75a2f2\" data-element_type=\"container\" data-e-type=\"container\" data-settings=\"{&quot;background_background&quot;:&quot;classic&quot;}\">\n\t\t\t\t\t<div class=\"e-con-inner\">\n\t\t<div class=\"elementor-element elementor-element-147bc2c e-con-full e-flex e-con e-child\" data-id=\"147bc2c\" data-element_type=\"container\" data-e-type=\"container\">\n\t\t<div class=\"elementor-element elementor-element-91a3406 e-con-full e-flex e-con e-child\" data-id=\"91a3406\" data-element_type=\"container\" data-e-type=\"container\">\n\t\t\t\t<div class=\"elementor-element elementor-element-f52ffee elementor-widget elementor-widget-heading\" data-id=\"f52ffee\" data-element_type=\"widget\" data-e-type=\"widget\" data-widget_type=\"heading.default\">\n\t\t\t\t<div class=\"elementor-widget-container\">\n\t\t\t\t\t<h2 class=\"elementor-heading-title elementor-size-default\">Ein neues weiterentwickletes Design, das auf klinischer Erfahrung und dem Wohlbefinden der Patienten basiert.<\/h2>\t\t\t\t<\/div>\n\t\t\t\t<\/div>\n\t\t\t\t<div class=\"elementor-element elementor-element-24a9505 elementor-widget elementor-widget-image\" data-id=\"24a9505\" data-element_type=\"widget\" data-e-type=\"widget\" data-widget_type=\"image.default\">\n\t\t\t\t<div class=\"elementor-widget-container\">\n\t\t\t\t\t\t\t\t\t\t\t\t\t\t\t<img fetchpriority=\"high\" decoding=\"async\" width=\"800\" height=\"524\" src=\"https:\/\/www.orthoapnea.com\/wp-content\/uploads\/2026\/01\/2025untitled14web4-1024x671.jpg\" class=\"attachment-large size-large wp-image-8415\" alt=\"\" srcset=\"https:\/\/www.orthoapnea.com\/wp-content\/uploads\/2026\/01\/2025untitled14web4-1024x671.jpg 1024w, https:\/\/www.orthoapnea.com\/wp-content\/uploads\/2026\/01\/2025untitled14web4-300x197.jpg 300w, https:\/\/www.orthoapnea.com\/wp-content\/uploads\/2026\/01\/2025untitled14web4-768x503.jpg 768w, https:\/\/www.orthoapnea.com\/wp-content\/uploads\/2026\/01\/2025untitled14web4.jpg 1173w\" sizes=\"(max-width: 800px) 100vw, 800px\" \/>\t\t\t\t\t\t\t\t\t\t\t\t\t\t\t<\/div>\n\t\t\t\t<\/div>\n\t\t\t\t<\/div>\n\t\t\t\t<\/div>\n\t\t<div class=\"elementor-element elementor-element-2656c89 e-con-full e-flex e-con e-child\" data-id=\"2656c89\" data-element_type=\"container\" data-e-type=\"container\">\n\t\t\t\t<div class=\"elementor-element elementor-element-86e7012 elementor-widget elementor-widget-text-editor\" data-id=\"86e7012\" data-element_type=\"widget\" data-e-type=\"widget\" data-widget_type=\"text-editor.default\">\n\t\t\t\t<div class=\"elementor-widget-container\">\n\t\t\t\t\t\t\t\t\t<p>Das optimierte Design mit deutlich reduziertem intraoralem Volumen f\u00f6rdert eine nat\u00fcrlichere funktionelle Integration und erleichtert die Gew\u00f6hnung an die dauerhafte Anwendung \u2013 bei unver\u00e4ndert hoher klinischer Pr\u00e4zision.<\/p><ul><li>Bessere Passung der Schiene im Mund, mit geringerem bukkalen Volumen und noch weniger St\u00f6rgef\u00fchl.<\/li><li>H\u00f6here Patientenakzeptanz bereits ab der ersten Anwendnungsnacht.<\/li><li>Einfacheres Einsetzen und Anpassen in der Praxis.<\/li><\/ul>\t\t\t\t\t\t\t\t<\/div>\n\t\t\t\t<\/div>\n\t\t<div class=\"elementor-element elementor-element-21f4f07 e-con-full e-flex e-con e-child\" data-id=\"21f4f07\" data-element_type=\"container\" data-e-type=\"container\">\n\t\t\t\t<div class=\"elementor-element elementor-element-dd87a3d animated-slow elementor-widget elementor-widget-button\" data-id=\"dd87a3d\" data-element_type=\"widget\" data-e-type=\"widget\" data-settings=\"{&quot;_animation&quot;:&quot;none&quot;,&quot;_animation_delay&quot;:0}\" data-widget_type=\"button.default\">\n\t\t\t\t<div class=\"elementor-widget-container\">\n\t\t\t\t\t\t\t\t\t<div class=\"elementor-button-wrapper\">\n\t\t\t\t\t<a class=\"elementor-button elementor-button-link elementor-size-sm\" href=\"https:\/\/www.apneadock.com\" target=\"_blank\">\n\t\t\t\t\t\t<span class=\"elementor-button-content-wrapper\">\n\t\t\t\t\t\t\t\t\t<span class=\"elementor-button-text\">Bei ApneaDock anfordern<\/span>\n\t\t\t\t\t<\/span>\n\t\t\t\t\t<\/a>\n\t\t\t\t<\/div>\n\t\t\t\t\t\t\t\t<\/div>\n\t\t\t\t<\/div>\n\t\t\t\t<div class=\"elementor-element elementor-element-12c5c3d animated-slow elementor-widget elementor-widget-button\" data-id=\"12c5c3d\" data-element_type=\"widget\" data-e-type=\"widget\" data-settings=\"{&quot;_animation&quot;:&quot;none&quot;,&quot;_animation_delay&quot;:0}\" data-widget_type=\"button.default\">\n\t\t\t\t<div class=\"elementor-widget-container\">\n\t\t\t\t\t\t\t\t\t<div class=\"elementor-button-wrapper\">\n\t\t\t\t\t<a class=\"elementor-button elementor-button-link elementor-size-sm\" href=\"https:\/\/www.orthoapnea.com\/download\/slim\/oanoaslim-de.pdf\">\n\t\t\t\t\t\t<span class=\"elementor-button-content-wrapper\">\n\t\t\t\t\t\t<span class=\"elementor-button-icon\">\n\t\t\t\t<i aria-hidden=\"true\" class=\"fas fa-file-download\"><\/i>\t\t\t<\/span>\n\t\t\t\t\t\t\t\t\t<span class=\"elementor-button-text\">Technisches Datenblatt herunterladen<\/span>\n\t\t\t\t\t<\/span>\n\t\t\t\t\t<\/a>\n\t\t\t\t<\/div>\n\t\t\t\t\t\t\t\t<\/div>\n\t\t\t\t<\/div>\n\t\t\t\t<\/div>\n\t\t\t\t<\/div>\n\t\t\t\t\t<\/div>\n\t\t\t\t<\/div>\n\t\t<div class=\"elementor-element elementor-element-b1e6330 e-flex e-con-boxed e-con e-parent\" data-id=\"b1e6330\" data-element_type=\"container\" data-e-type=\"container\" data-settings=\"{&quot;background_background&quot;:&quot;classic&quot;}\">\n\t\t\t\t\t<div class=\"e-con-inner\">\n\t\t<div class=\"elementor-element elementor-element-30b3111 e-con-full e-flex e-con e-child\" data-id=\"30b3111\" data-element_type=\"container\" data-e-type=\"container\">\n\t\t\t\t<div class=\"elementor-element elementor-element-3f275dd elementor-widget elementor-widget-image\" data-id=\"3f275dd\" data-element_type=\"widget\" data-e-type=\"widget\" data-widget_type=\"image.default\">\n\t\t\t\t<div class=\"elementor-widget-container\">\n\t\t\t\t\t\t\t\t\t\t\t\t\t\t\t<img decoding=\"async\" width=\"1080\" height=\"254\" src=\"https:\/\/www.orthoapnea.com\/wp-content\/uploads\/2026\/02\/oa-web-noa-leva-fina.jpg\" class=\"attachment-full size-full wp-image-8548\" alt=\"\" srcset=\"https:\/\/www.orthoapnea.com\/wp-content\/uploads\/2026\/02\/oa-web-noa-leva-fina.jpg 1080w, https:\/\/www.orthoapnea.com\/wp-content\/uploads\/2026\/02\/oa-web-noa-leva-fina-300x71.jpg 300w, https:\/\/www.orthoapnea.com\/wp-content\/uploads\/2026\/02\/oa-web-noa-leva-fina-1024x241.jpg 1024w, https:\/\/www.orthoapnea.com\/wp-content\/uploads\/2026\/02\/oa-web-noa-leva-fina-768x181.jpg 768w\" sizes=\"(max-width: 1080px) 100vw, 1080px\" \/>\t\t\t\t\t\t\t\t\t\t\t\t\t\t\t<\/div>\n\t\t\t\t<\/div>\n\t\t\t\t<div class=\"elementor-element elementor-element-9df3d4b elementor-widget elementor-widget-video\" data-id=\"9df3d4b\" data-element_type=\"widget\" data-e-type=\"widget\" data-settings=\"{&quot;video_type&quot;:&quot;hosted&quot;,&quot;autoplay&quot;:&quot;yes&quot;,&quot;mute&quot;:&quot;yes&quot;,&quot;loop&quot;:&quot;yes&quot;,&quot;play_on_mobile&quot;:&quot;yes&quot;}\" data-widget_type=\"video.default\">\n\t\t\t\t<div class=\"elementor-widget-container\">\n\t\t\t\t\t\t\t<div class=\"e-hosted-video elementor-wrapper elementor-open-inline\">\n\t\t\t\t\t<video class=\"elementor-video\" src=\"https:\/\/www.orthoapnea.com\/video\/fina\/noa-leva-fina-comp.mp4\" autoplay=\"\" loop=\"\" muted=\"muted\" playsinline=\"\" controlsList=\"nodownload\"><\/video>\n\t\t\t\t<\/div>\n\t\t\t\t\t\t<\/div>\n\t\t\t\t<\/div>\n\t\t\t\t<div class=\"elementor-element elementor-element-d84788e elementor-position-top elementor-widget elementor-widget-image-box\" data-id=\"d84788e\" data-element_type=\"widget\" data-e-type=\"widget\" data-widget_type=\"image-box.default\">\n\t\t\t\t<div class=\"elementor-widget-container\">\n\t\t\t\t\t<div class=\"elementor-image-box-wrapper\"><figure class=\"elementor-image-box-img\"><img decoding=\"async\" width=\"1152\" height=\"388\" src=\"https:\/\/www.orthoapnea.com\/wp-content\/uploads\/2026\/02\/oa-web-noa-leva-fina-01.jpg\" class=\"attachment-full size-full wp-image-8551\" alt=\"\" srcset=\"https:\/\/www.orthoapnea.com\/wp-content\/uploads\/2026\/02\/oa-web-noa-leva-fina-01.jpg 1152w, https:\/\/www.orthoapnea.com\/wp-content\/uploads\/2026\/02\/oa-web-noa-leva-fina-01-300x101.jpg 300w, https:\/\/www.orthoapnea.com\/wp-content\/uploads\/2026\/02\/oa-web-noa-leva-fina-01-1024x345.jpg 1024w, https:\/\/www.orthoapnea.com\/wp-content\/uploads\/2026\/02\/oa-web-noa-leva-fina-01-768x259.jpg 768w\" sizes=\"(max-width: 1152px) 100vw, 1152px\" \/><\/figure><div class=\"elementor-image-box-content\"><h3 class=\"elementor-image-box-title\">27% Reduktion des gesamten Volumens der Schiene<\/h3><p class=\"elementor-image-box-description\">Die strukturelle Optimierung f\u00fchrt zu einem deutlich kompakteren Design, das die anatomische Integration im Mundraum verbessert und das klinische Einsetzen erleichtert. Die Volumenreduzierung unterst\u00fctzt die initiale Therapieakzeptanz und ist insbesondere bei Patienten mit begrenztem Platzangebot von Vorteil. <\/p><\/div><\/div>\t\t\t\t<\/div>\n\t\t\t\t<\/div>\n\t\t\t\t<div class=\"elementor-element elementor-element-db7d16f elementor-position-top elementor-widget elementor-widget-image-box\" data-id=\"db7d16f\" data-element_type=\"widget\" data-e-type=\"widget\" data-widget_type=\"image-box.default\">\n\t\t\t\t<div class=\"elementor-widget-container\">\n\t\t\t\t\t<div class=\"elementor-image-box-wrapper\"><figure class=\"elementor-image-box-img\"><img loading=\"lazy\" decoding=\"async\" width=\"1152\" height=\"388\" src=\"https:\/\/www.orthoapnea.com\/wp-content\/uploads\/2026\/02\/oa-web-noa-leva-fina-02.jpg\" class=\"attachment-full size-full wp-image-8554\" alt=\"\" srcset=\"https:\/\/www.orthoapnea.com\/wp-content\/uploads\/2026\/02\/oa-web-noa-leva-fina-02.jpg 1152w, https:\/\/www.orthoapnea.com\/wp-content\/uploads\/2026\/02\/oa-web-noa-leva-fina-02-300x101.jpg 300w, https:\/\/www.orthoapnea.com\/wp-content\/uploads\/2026\/02\/oa-web-noa-leva-fina-02-1024x345.jpg 1024w, https:\/\/www.orthoapnea.com\/wp-content\/uploads\/2026\/02\/oa-web-noa-leva-fina-02-768x259.jpg 768w\" sizes=\"(max-width: 1152px) 100vw, 1152px\" \/><\/figure><div class=\"elementor-image-box-content\"><h3 class=\"elementor-image-box-title\">50% Reduktion des Kammervolumens<\/h3><p class=\"elementor-image-box-description\">Im Rahmen der Weiterentwicklung wurde die Kammer gezielt optimiert, um den posterioren Bereich zu verbessern. Die Pr\u00e4zision des Unterkiefervorschubs wird dabei nicht beeintr\u00e4chtigt.<br>Interferenzen im Molarenbereich werden deutlich reduziert und die Vertr\u00e4glichkeit bei Patienten mit ausgepr\u00e4gtem W\u00fcrgereiz oder eingeschr\u00e4nktem intraoralen Raum wird deutlich verbessert.\n<\/p><\/div><\/div>\t\t\t\t<\/div>\n\t\t\t\t<\/div>\n\t\t\t\t<div class=\"elementor-element elementor-element-ab4e09a elementor-position-top elementor-widget elementor-widget-image-box\" data-id=\"ab4e09a\" data-element_type=\"widget\" data-e-type=\"widget\" data-widget_type=\"image-box.default\">\n\t\t\t\t<div class=\"elementor-widget-container\">\n\t\t\t\t\t<div class=\"elementor-image-box-wrapper\"><figure class=\"elementor-image-box-img\"><img loading=\"lazy\" decoding=\"async\" width=\"1152\" height=\"388\" src=\"https:\/\/www.orthoapnea.com\/wp-content\/uploads\/2026\/02\/oa-web-noa-leva-fina-03.jpg\" class=\"attachment-full size-full wp-image-8557\" alt=\"\" srcset=\"https:\/\/www.orthoapnea.com\/wp-content\/uploads\/2026\/02\/oa-web-noa-leva-fina-03.jpg 1152w, https:\/\/www.orthoapnea.com\/wp-content\/uploads\/2026\/02\/oa-web-noa-leva-fina-03-300x101.jpg 300w, https:\/\/www.orthoapnea.com\/wp-content\/uploads\/2026\/02\/oa-web-noa-leva-fina-03-1024x345.jpg 1024w, https:\/\/www.orthoapnea.com\/wp-content\/uploads\/2026\/02\/oa-web-noa-leva-fina-03-768x259.jpg 768w\" sizes=\"(max-width: 1152px) 100vw, 1152px\" \/><\/figure><div class=\"elementor-image-box-content\"><h3 class=\"elementor-image-box-title\">Biomechanische Optimierung des Vorschubs im UK<\/h3><p class=\"elementor-image-box-description\">Im Zuge der Weitereintwicklung wurde das F\u00fchrungselement neu entwickelt um die Kinematik des Systems weiter zu optimieren. Das steigert die Effizienz der Kraft\u00fcbertragung und erm\u00f6glicht eine noch pr\u00e4zisere Kontrolle des Unterkiefervorschubs.\n<\/p><\/div><\/div>\t\t\t\t<\/div>\n\t\t\t\t<\/div>\n\t\t\t\t<\/div>\n\t\t\t\t\t<\/div>\n\t\t\t\t<\/div>\n\t\t<div class=\"elementor-element elementor-element-eab3db0 e-flex e-con-boxed e-con e-parent\" data-id=\"eab3db0\" data-element_type=\"container\" data-e-type=\"container\" data-settings=\"{&quot;background_background&quot;:&quot;classic&quot;}\">\n\t\t\t\t\t<div class=\"e-con-inner\">\n\t\t\t\t<div class=\"elementor-element elementor-element-fedb9e6 elementor-widget elementor-widget-heading\" data-id=\"fedb9e6\" data-element_type=\"widget\" data-e-type=\"widget\" data-widget_type=\"heading.default\">\n\t\t\t\t<div class=\"elementor-widget-container\">\n\t\t\t\t\t<h2 class=\"elementor-heading-title elementor-size-default\">New update<\/h2>\t\t\t\t<\/div>\n\t\t\t\t<\/div>\n\t\t<div class=\"elementor-element elementor-element-cdef93b e-con-full e-flex e-con e-child\" data-id=\"cdef93b\" data-element_type=\"container\" data-e-type=\"container\">\n\t\t\t\t<div class=\"elementor-element elementor-element-701ad48 animated-slow elementor-widget elementor-widget-button\" data-id=\"701ad48\" data-element_type=\"widget\" data-e-type=\"widget\" data-settings=\"{&quot;_animation&quot;:&quot;none&quot;,&quot;_animation_delay&quot;:0}\" data-widget_type=\"button.default\">\n\t\t\t\t<div class=\"elementor-widget-container\">\n\t\t\t\t\t\t\t\t\t<div class=\"elementor-button-wrapper\">\n\t\t\t\t\t<a class=\"elementor-button elementor-button-link elementor-size-sm\" href=\"https:\/\/www.orthoapnea.com\/download\/slim\/oanoaslim-de.pdf\" target=\"_blank\">\n\t\t\t\t\t\t<span class=\"elementor-button-content-wrapper\">\n\t\t\t\t\t\t<span class=\"elementor-button-icon\">\n\t\t\t\t<i aria-hidden=\"true\" class=\"fas fa-file-download\"><\/i>\t\t\t<\/span>\n\t\t\t\t\t\t\t\t\t<span class=\"elementor-button-text\">Technisches Datenblatt herunterladen<\/span>\n\t\t\t\t\t<\/span>\n\t\t\t\t\t<\/a>\n\t\t\t\t<\/div>\n\t\t\t\t\t\t\t\t<\/div>\n\t\t\t\t<\/div>\n\t\t\t\t<div class=\"elementor-element elementor-element-affc822 animated-slow elementor-widget elementor-widget-button\" data-id=\"affc822\" data-element_type=\"widget\" data-e-type=\"widget\" data-settings=\"{&quot;_animation&quot;:&quot;none&quot;,&quot;_animation_delay&quot;:0}\" data-widget_type=\"button.default\">\n\t\t\t\t<div class=\"elementor-widget-container\">\n\t\t\t\t\t\t\t\t\t<div class=\"elementor-button-wrapper\">\n\t\t\t\t\t<a class=\"elementor-button elementor-button-link elementor-size-sm\" href=\"mailto:info@orthoapnea.com?subject=Neue%20OrthoApnea%20NOA\">\n\t\t\t\t\t\t<span class=\"elementor-button-content-wrapper\">\n\t\t\t\t\t\t<span class=\"elementor-button-icon\">\n\t\t\t\t<i aria-hidden=\"true\" class=\"far fa-envelope\"><\/i>\t\t\t<\/span>\n\t\t\t\t\t\t\t\t\t<span class=\"elementor-button-text\">Mehr Informationen anfordern<\/span>\n\t\t\t\t\t<\/span>\n\t\t\t\t\t<\/a>\n\t\t\t\t<\/div>\n\t\t\t\t\t\t\t\t<\/div>\n\t\t\t\t<\/div>\n\t\t\t\t<\/div>\n\t\t\t\t\t<\/div>\n\t\t\t\t<\/div>\n\t\t\t\t<\/div>\n\t\t","protected":false},"excerpt":{"rendered":"<p>Schlanker, leichter und komfortabler Entdecken Sie die Evolution im neuen Design von OrthoApnea NOA. Technisches Datenblatt herunterladen Bei ApneaDock anfordern https:\/\/www.orthoapnea.com\/wp-content\/uploads\/2026\/01\/EN-noa-leva-fina-data-2.mp4 Neues Nockenwellendesign.K\u00fcrzere Mitnehmer.Optimiertes Komfortprofil. Ein neues weiterentwickletes Design, das auf klinischer Erfahrung und dem Wohlbefinden der Patienten basiert. Das optimierte Design mit deutlich reduziertem intraoralem Volumen f\u00f6rdert eine nat\u00fcrlichere funktionelle Integration und erleichtert die [&hellip;]<\/p>\n","protected":false},"author":1,"featured_media":7463,"parent":0,"menu_order":0,"comment_status":"closed","ping_status":"closed","template":"","meta":{"footnotes":""},"class_list":["post-8567","page","type-page","status-publish","has-post-thumbnail","hentry"],"_links":{"self":[{"href":"https:\/\/www.orthoapnea.com\/de\/wp-json\/wp\/v2\/pages\/8567","targetHints":{"allow":["GET"]}}],"collection":[{"href":"https:\/\/www.orthoapnea.com\/de\/wp-json\/wp\/v2\/pages"}],"about":[{"href":"https:\/\/www.orthoapnea.com\/de\/wp-json\/wp\/v2\/types\/page"}],"author":[{"embeddable":true,"href":"https:\/\/www.orthoapnea.com\/de\/wp-json\/wp\/v2\/users\/1"}],"replies":[{"embeddable":true,"href":"https:\/\/www.orthoapnea.com\/de\/wp-json\/wp\/v2\/comments?post=8567"}],"version-history":[{"count":12,"href":"https:\/\/www.orthoapnea.com\/de\/wp-json\/wp\/v2\/pages\/8567\/revisions"}],"predecessor-version":[{"id":8608,"href":"https:\/\/www.orthoapnea.com\/de\/wp-json\/wp\/v2\/pages\/8567\/revisions\/8608"}],"wp:featuredmedia":[{"embeddable":true,"href":"https:\/\/www.orthoapnea.com\/de\/wp-json\/wp\/v2\/media\/7463"}],"wp:attachment":[{"href":"https:\/\/www.orthoapnea.com\/de\/wp-json\/wp\/v2\/media?parent=8567"}],"curies":[{"name":"wp","href":"https:\/\/api.w.org\/{rel}","templated":true}]}}